{"id":44,"date":"2016-06-13T23:00:35","date_gmt":"2016-06-13T23:00:35","guid":{"rendered":"http:\/\/wordpress.cardonatranslations.com\/?page_id=44"},"modified":"2017-03-28T19:23:35","modified_gmt":"2017-03-28T19:23:35","slug":"acerca-de-traducciones-cardona","status":"publish","type":"page","link":"http:\/\/www.cardonatranslations.com\/es_ES\/acerca-de-traducciones-cardona\/","title":{"rendered":"Acerca de Traducciones Cardona"},"content":{"rendered":"<p><img loading=\"lazy\" decoding=\"async\" class=\"size-medium wp-image-56\" src=\"http:\/\/wordpress.cardonatranslations.com\/wp-content\/uploads\/2016\/06\/Gloria-1-285x300.jpeg\" alt=\"Gloria Cardoma\" width=\"285\" height=\"300\" srcset=\"http:\/\/wordpress.cardonatranslations.com\/wp-content\/uploads\/2016\/06\/Gloria-1-285x300.jpeg 285w, http:\/\/wordpress.cardonatranslations.com\/wp-content\/uploads\/2016\/06\/Gloria-1-768x808.jpeg 768w, http:\/\/wordpress.cardonatranslations.com\/wp-content\/uploads\/2016\/06\/Gloria-1.jpeg 952w\" sizes=\"(max-width: 285px) 100vw, 285px\" \/><\/p>\n<p>Certificada por la Asociaci\u00f3n de Traductores Americanos (ATA) para efectuar traducciones del espa\u00f1ol al ingl\u00e9s. Sello de certificaci\u00f3n se incluye (cuando se le requiere) sin cobro adicional.<\/p>\n<p>Mucha experiencia con traducci\u00f3n de documentos para Migraci\u00f3n (partidas de nacimiento, certificados de matrimonio, papeles de divorcio, etc.) y con documentos educacionales (diplomas y constancias de notas).<\/p>\n<p>Experiencia extensiva en el campo m\u00e9dico; m\u00e1s de veinte a\u00f1os en farmacia.<\/p>\n","protected":false},"excerpt":{"rendered":"<p>Certificada por la Asociaci\u00f3n de Traductores Americanos (ATA) para efectuar traducciones del espa\u00f1ol al ingl\u00e9s. Sello de certificaci\u00f3n se incluye (cuando se le requiere) sin cobro adicional. Mucha experiencia con traducci\u00f3n de documentos para Migraci\u00f3n (partidas de nacimiento, certificados de matrimonio, papeles de divorcio, etc.) y con documentos educacionales (diplomas y constancias de notas). Experiencia [&hellip;]<\/p>\n","protected":false},"author":2,"featured_media":0,"parent":0,"menu_order":0,"comment_status":"closed","ping_status":"closed","template":"","meta":{"footnotes":""},"aioseo_notices":[],"_links":{"self":[{"href":"http:\/\/www.cardonatranslations.com\/es_ES\/wp-json\/wp\/v2\/pages\/44"}],"collection":[{"href":"http:\/\/www.cardonatranslations.com\/es_ES\/wp-json\/wp\/v2\/pages"}],"about":[{"href":"http:\/\/www.cardonatranslations.com\/es_ES\/wp-json\/wp\/v2\/types\/page"}],"author":[{"embeddable":true,"href":"http:\/\/www.cardonatranslations.com\/es_ES\/wp-json\/wp\/v2\/users\/2"}],"replies":[{"embeddable":true,"href":"http:\/\/www.cardonatranslations.com\/es_ES\/wp-json\/wp\/v2\/comments?post=44"}],"version-history":[{"count":10,"href":"http:\/\/www.cardonatranslations.com\/es_ES\/wp-json\/wp\/v2\/pages\/44\/revisions"}],"predecessor-version":[{"id":156,"href":"http:\/\/www.cardonatranslations.com\/es_ES\/wp-json\/wp\/v2\/pages\/44\/revisions\/156"}],"wp:attachment":[{"href":"http:\/\/www.cardonatranslations.com\/es_ES\/wp-json\/wp\/v2\/media?parent=44"}],"curies":[{"name":"wp","href":"https:\/\/api.w.org\/{rel}","templated":true}]}}